{"id":946,"date":"2022-01-12T19:49:20","date_gmt":"2022-01-12T19:49:20","guid":{"rendered":"https:\/\/leafedu.org\/\/el-llavero-workshop\/"},"modified":"2022-01-12T19:52:12","modified_gmt":"2022-01-12T19:52:12","slug":"el-llavero-workshop","status":"publish","type":"page","link":"https:\/\/leafedu.org\/es\/el-llavero-workshop\/","title":{"rendered":"El Llavero Workshop"},"content":{"rendered":"\t\t<div data-elementor-type=\"wp-page\" data-elementor-id=\"946\" class=\"elementor elementor-946\" data-elementor-post-type=\"page\">\n\t\t\t\t\t\t<section class=\"elementor-section elementor-top-section elementor-element elementor-element-cf563b7 elementor-section-content-middle elementor-section-boxed elementor-section-height-default elementor-section-height-default\" data-id=\"cf563b7\" data-element_type=\"section\" data-settings=\"{&quot;background_background&quot;:&quot;classic&quot;}\">\n\t\t\t\t\t\t\t<div class=\"elementor-background-overlay\"><\/div>\n\t\t\t\t\t\t\t<div class=\"elementor-container elementor-column-gap-default\">\n\t\t\t\t\t<div class=\"elementor-column elementor-col-100 elementor-top-column elementor-element elementor-element-7147fd1\" data-id=\"7147fd1\" data-element_type=\"column\">\n\t\t\t<div class=\"elementor-widget-wrap elementor-element-populated\">\n\t\t\t\t\t\t<div class=\"elementor-element elementor-element-0c373f6 elementor-widget elementor-widget-heading\" data-id=\"0c373f6\" data-element_type=\"widget\" data-widget_type=\"heading.default\">\n\t\t\t\t<div class=\"elementor-widget-container\">\n\t\t\t<style>\/*! elementor - v3.19.0 - 07-02-2024 *\/\n.elementor-heading-title{padding:0;margin:0;line-height:1}.elementor-widget-heading .elementor-heading-title[class*=elementor-size-]>a{color:inherit;font-size:inherit;line-height:inherit}.elementor-widget-heading .elementor-heading-title.elementor-size-small{font-size:15px}.elementor-widget-heading .elementor-heading-title.elementor-size-medium{font-size:19px}.elementor-widget-heading .elementor-heading-title.elementor-size-large{font-size:29px}.elementor-widget-heading .elementor-heading-title.elementor-size-xl{font-size:39px}.elementor-widget-heading .elementor-heading-title.elementor-size-xxl{font-size:59px}<\/style><h2 class=\"elementor-heading-title elementor-size-default\">El Llavero Workshop<\/h2>\t\t<\/div>\n\t\t\t\t<\/div>\n\t\t\t\t<div class=\"elementor-element elementor-element-9594afd elementor-widget elementor-widget-text-editor\" data-id=\"9594afd\" data-element_type=\"widget\" data-widget_type=\"text-editor.default\">\n\t\t\t\t<div class=\"elementor-widget-container\">\n\t\t\t<style>\/*! elementor - v3.19.0 - 07-02-2024 *\/\n.elementor-widget-text-editor.elementor-drop-cap-view-stacked .elementor-drop-cap{background-color:#69727d;color:#fff}.elementor-widget-text-editor.elementor-drop-cap-view-framed .elementor-drop-cap{color:#69727d;border:3px solid;background-color:transparent}.elementor-widget-text-editor:not(.elementor-drop-cap-view-default) .elementor-drop-cap{margin-top:8px}.elementor-widget-text-editor:not(.elementor-drop-cap-view-default) .elementor-drop-cap-letter{width:1em;height:1em}.elementor-widget-text-editor .elementor-drop-cap{float:left;text-align:center;line-height:1;font-size:50px}.elementor-widget-text-editor .elementor-drop-cap-letter{display:inline-block}<\/style>\t\t\t\t<p>La planificaci\u00f3n temprana y la identificaci\u00f3n de estudiantes latinos acad\u00e9micamente talentosos son cruciales para el \u00e9xito acad\u00e9mico futuro. Por lo tanto, LEAF enfoca sus esfuerzos en identificar estudiantes brillantes y talentosos desde el segundo grado, para que puedan comenzar a prepararse para un camino directo a las opciones postsecundarias. <strong>LEAF ofrece talleres para padres y escuelas<\/strong>\u00a0para iniciar la identificaci\u00f3n de estudiantes talentosos trabajando en colaboraci\u00f3n con recursos y programas.<\/p><p>A trav\u00e9s de un taller culturalmente relevante de tres o cuatro horas realizado en espa\u00f1ol, los padres y los estudiantes aprenden qu\u00e9 llaves abren las puertas para el \u00e9xito acad\u00e9mico de sus hijos y c\u00f3mo prepararse para su camino preuniversitario.<\/p>\t\t\t\t\t\t<\/div>\n\t\t\t\t<\/div>\n\t\t\t\t\t<\/div>\n\t\t<\/div>\n\t\t\t\t\t<\/div>\n\t\t<\/section>\n\t\t\t\t<section class=\"elementor-section elementor-top-section elementor-element elementor-element-0b03faf elementor-section-boxed elementor-section-height-default elementor-section-height-default\" data-id=\"0b03faf\" data-element_type=\"section\" data-settings=\"{&quot;background_background&quot;:&quot;classic&quot;,&quot;shape_divider_top&quot;:&quot;opacity-tilt&quot;,&quot;shape_divider_bottom&quot;:&quot;triangle-asymmetrical&quot;}\">\n\t\t\t\t\t\t\t<div class=\"elementor-background-overlay\"><\/div>\n\t\t\t\t\t\t<div class=\"elementor-shape elementor-shape-top\" data-negative=\"false\">\n\t\t\t<svg xmlns=\"http:\/\/www.w3.org\/2000\/svg\" viewBox=\"0 0 2600 131.1\" preserveAspectRatio=\"none\">\n\t<path class=\"elementor-shape-fill\" d=\"M0 0L2600 0 2600 69.1 0 0z\"\/>\n\t<path class=\"elementor-shape-fill\" style=\"opacity:0.5\" d=\"M0 0L2600 0 2600 69.1 0 69.1z\"\/>\n\t<path class=\"elementor-shape-fill\" style=\"opacity:0.25\" d=\"M2600 0L0 0 0 130.1 2600 69.1z\"\/>\n<\/svg>\t\t<\/div>\n\t\t\t\t<div class=\"elementor-shape elementor-shape-bottom\" data-negative=\"false\">\n\t\t\t<svg xmlns=\"http:\/\/www.w3.org\/2000\/svg\" viewBox=\"0 0 1000 100\" preserveAspectRatio=\"none\">\n\t<path class=\"elementor-shape-fill\" d=\"M738,99l262-93V0H0v5.6L738,99z\"\/>\n<\/svg>\t\t<\/div>\n\t\t\t\t\t<div class=\"elementor-container elementor-column-gap-default\">\n\t\t\t\t\t<div class=\"elementor-column elementor-col-100 elementor-top-column elementor-element elementor-element-7ab4ed2\" data-id=\"7ab4ed2\" data-element_type=\"column\">\n\t\t\t<div class=\"elementor-widget-wrap elementor-element-populated\">\n\t\t\t\t\t\t<section class=\"elementor-section elementor-inner-section elementor-element elementor-element-819579e elementor-section-boxed elementor-section-height-default elementor-section-height-default\" data-id=\"819579e\" data-element_type=\"section\">\n\t\t\t\t\t\t<div class=\"elementor-container elementor-column-gap-default\">\n\t\t\t\t\t<div class=\"elementor-column elementor-col-50 elementor-inner-column elementor-element elementor-element-8116c2f\" data-id=\"8116c2f\" data-element_type=\"column\">\n\t\t\t<div class=\"elementor-widget-wrap elementor-element-populated\">\n\t\t\t\t\t\t<div class=\"elementor-element elementor-element-9c3e433 elementor-widget elementor-widget-heading\" data-id=\"9c3e433\" data-element_type=\"widget\" data-widget_type=\"heading.default\">\n\t\t\t\t<div class=\"elementor-widget-container\">\n\t\t\t<h2 class=\"elementor-heading-title elementor-size-default\">Descripci\u00f3n del programa<\/h2>\t\t<\/div>\n\t\t\t\t<\/div>\n\t\t\t\t<div class=\"elementor-element elementor-element-bea70b4 elementor-widget elementor-widget-text-editor\" data-id=\"bea70b4\" data-element_type=\"widget\" data-widget_type=\"text-editor.default\">\n\t\t\t\t<div class=\"elementor-widget-container\">\n\t\t\t\t\t\t\t<p>Adem\u00e1s, compartimos qu\u00e9 niveles de grado son cr\u00edticos para comenzar a planificar un camino exitoso hacia la graduaci\u00f3n de la escuela secundaria y la admisi\u00f3n a la universidad o la universidad.<em><strong>\u00a0El taller\u00a0se centra\u00a0en los siguientes temas:<\/strong><\/em>\u00a0cursos necesarios para graduarse de la escuela secundaria, pruebas de admisi\u00f3n a la universidad, derechos y responsabilidades de la escuela primaria, intermedia y secundaria, pruebas estandarizadas, ayuda financiera, recursos extracurriculares, solicitud de ayuda financiera y becas.<\/p><p>Para obtener m\u00e1s informaci\u00f3n, comun\u00edquese con: Dinorah Olmos, en <em><strong>\u00a0contact@leafedu.org<\/strong><\/em><\/p>\t\t\t\t\t\t<\/div>\n\t\t\t\t<\/div>\n\t\t\t\t\t<\/div>\n\t\t<\/div>\n\t\t\t\t<div class=\"elementor-column elementor-col-50 elementor-inner-column elementor-element elementor-element-8eab035\" data-id=\"8eab035\" data-element_type=\"column\">\n\t\t\t<div class=\"elementor-widget-wrap elementor-element-populated\">\n\t\t\t\t\t\t<div class=\"elementor-element elementor-element-7de9209 elementor-widget elementor-widget-image\" data-id=\"7de9209\" data-element_type=\"widget\" data-widget_type=\"image.default\">\n\t\t\t\t<div class=\"elementor-widget-container\">\n\t\t\t<style>\/*! elementor - v3.19.0 - 07-02-2024 *\/\n.elementor-widget-image{text-align:center}.elementor-widget-image a{display:inline-block}.elementor-widget-image a img[src$=\".svg\"]{width:48px}.elementor-widget-image img{vertical-align:middle;display:inline-block}<\/style>\t\t\t\t\t\t\t\t\t\t<img fetchpriority=\"high\" decoding=\"async\" width=\"1920\" height=\"1051\" src=\"https:\/\/leafedu.org\/wp-content\/uploads\/2022\/01\/IMG_1058-e1549604511920.jpg\" class=\"attachment-full size-full wp-image-520\" alt=\"\" srcset=\"https:\/\/leafedu.org\/wp-content\/uploads\/2022\/01\/IMG_1058-e1549604511920.jpg 1920w, https:\/\/leafedu.org\/wp-content\/uploads\/2022\/01\/IMG_1058-e1549604511920-300x164.jpg 300w, https:\/\/leafedu.org\/wp-content\/uploads\/2022\/01\/IMG_1058-e1549604511920-1024x561.jpg 1024w, https:\/\/leafedu.org\/wp-content\/uploads\/2022\/01\/IMG_1058-e1549604511920-768x420.jpg 768w, https:\/\/leafedu.org\/wp-content\/uploads\/2022\/01\/IMG_1058-e1549604511920-1536x841.jpg 1536w, https:\/\/leafedu.org\/wp-content\/uploads\/2022\/01\/IMG_1058-e1549604511920-600x328.jpg 600w\" sizes=\"(max-width: 1920px) 100vw, 1920px\" \/>\t\t\t\t\t\t\t\t\t\t\t\t\t<\/div>\n\t\t\t\t<\/div>\n\t\t\t\t\t<\/div>\n\t\t<\/div>\n\t\t\t\t\t<\/div>\n\t\t<\/section>\n\t\t\t\t<div class=\"elementor-element elementor-element-093d4bf elementor-widget-divider--view-line elementor-widget elementor-widget-divider\" data-id=\"093d4bf\" data-element_type=\"widget\" data-widget_type=\"divider.default\">\n\t\t\t\t<div class=\"elementor-widget-container\">\n\t\t\t<style>\/*! elementor - v3.19.0 - 07-02-2024 *\/\n.elementor-widget-divider{--divider-border-style:none;--divider-border-width:1px;--divider-color:#0c0d0e;--divider-icon-size:20px;--divider-element-spacing:10px;--divider-pattern-height:24px;--divider-pattern-size:20px;--divider-pattern-url:none;--divider-pattern-repeat:repeat-x}.elementor-widget-divider .elementor-divider{display:flex}.elementor-widget-divider .elementor-divider__text{font-size:15px;line-height:1;max-width:95%}.elementor-widget-divider .elementor-divider__element{margin:0 var(--divider-element-spacing);flex-shrink:0}.elementor-widget-divider .elementor-icon{font-size:var(--divider-icon-size)}.elementor-widget-divider .elementor-divider-separator{display:flex;margin:0;direction:ltr}.elementor-widget-divider--view-line_icon .elementor-divider-separator,.elementor-widget-divider--view-line_text .elementor-divider-separator{align-items:center}.elementor-widget-divider--view-line_icon .elementor-divider-separator:after,.elementor-widget-divider--view-line_icon .elementor-divider-separator:before,.elementor-widget-divider--view-line_text .elementor-divider-separator:after,.elementor-widget-divider--view-line_text .elementor-divider-separator:before{display:block;content:\"\";border-block-end:0;flex-grow:1;border-block-start:var(--divider-border-width) var(--divider-border-style) var(--divider-color)}.elementor-widget-divider--element-align-left .elementor-divider .elementor-divider-separator>.elementor-divider__svg:first-of-type{flex-grow:0;flex-shrink:100}.elementor-widget-divider--element-align-left .elementor-divider-separator:before{content:none}.elementor-widget-divider--element-align-left .elementor-divider__element{margin-left:0}.elementor-widget-divider--element-align-right .elementor-divider .elementor-divider-separator>.elementor-divider__svg:last-of-type{flex-grow:0;flex-shrink:100}.elementor-widget-divider--element-align-right .elementor-divider-separator:after{content:none}.elementor-widget-divider--element-align-right .elementor-divider__element{margin-right:0}.elementor-widget-divider--element-align-start .elementor-divider .elementor-divider-separator>.elementor-divider__svg:first-of-type{flex-grow:0;flex-shrink:100}.elementor-widget-divider--element-align-start .elementor-divider-separator:before{content:none}.elementor-widget-divider--element-align-start .elementor-divider__element{margin-inline-start:0}.elementor-widget-divider--element-align-end .elementor-divider .elementor-divider-separator>.elementor-divider__svg:last-of-type{flex-grow:0;flex-shrink:100}.elementor-widget-divider--element-align-end .elementor-divider-separator:after{content:none}.elementor-widget-divider--element-align-end .elementor-divider__element{margin-inline-end:0}.elementor-widget-divider:not(.elementor-widget-divider--view-line_text):not(.elementor-widget-divider--view-line_icon) .elementor-divider-separator{border-block-start:var(--divider-border-width) var(--divider-border-style) var(--divider-color)}.elementor-widget-divider--separator-type-pattern{--divider-border-style:none}.elementor-widget-divider--separator-type-pattern.elementor-widget-divider--view-line .elementor-divider-separator,.elementor-widget-divider--separator-type-pattern:not(.elementor-widget-divider--view-line) .elementor-divider-separator:after,.elementor-widget-divider--separator-type-pattern:not(.elementor-widget-divider--view-line) .elementor-divider-separator:before,.elementor-widget-divider--separator-type-pattern:not([class*=elementor-widget-divider--view]) .elementor-divider-separator{width:100%;min-height:var(--divider-pattern-height);-webkit-mask-size:var(--divider-pattern-size) 100%;mask-size:var(--divider-pattern-size) 100%;-webkit-mask-repeat:var(--divider-pattern-repeat);mask-repeat:var(--divider-pattern-repeat);background-color:var(--divider-color);-webkit-mask-image:var(--divider-pattern-url);mask-image:var(--divider-pattern-url)}.elementor-widget-divider--no-spacing{--divider-pattern-size:auto}.elementor-widget-divider--bg-round{--divider-pattern-repeat:round}.rtl .elementor-widget-divider .elementor-divider__text{direction:rtl}.e-con-inner>.elementor-widget-divider,.e-con>.elementor-widget-divider{width:var(--container-widget-width,100%);--flex-grow:var(--container-widget-flex-grow)}<\/style>\t\t<div class=\"elementor-divider\">\n\t\t\t<span class=\"elementor-divider-separator\">\n\t\t\t\t\t\t<\/span>\n\t\t<\/div>\n\t\t\t\t<\/div>\n\t\t\t\t<\/div>\n\t\t\t\t\t<\/div>\n\t\t<\/div>\n\t\t\t\t\t<\/div>\n\t\t<\/section>\n\t\t\t\t<section class=\"elementor-section elementor-top-section elementor-element elementor-element-8ad0d39 elementor-section-boxed elementor-section-height-default elementor-section-height-default\" data-id=\"8ad0d39\" data-element_type=\"section\" data-settings=\"{&quot;background_background&quot;:&quot;classic&quot;}\">\n\t\t\t\t\t\t\t<div class=\"elementor-background-overlay\"><\/div>\n\t\t\t\t\t\t\t<div class=\"elementor-container elementor-column-gap-default\">\n\t\t\t\t\t<div class=\"elementor-column elementor-col-100 elementor-top-column elementor-element elementor-element-6510f11\" data-id=\"6510f11\" data-element_type=\"column\">\n\t\t\t<div class=\"elementor-widget-wrap elementor-element-populated\">\n\t\t\t\t\t\t<div class=\"elementor-element elementor-element-a7a1b1e elementor-widget__width-auto elementor-absolute elementor-hidden-tablet elementor-hidden-mobile elementor-widget elementor-widget-image\" data-id=\"a7a1b1e\" data-element_type=\"widget\" data-settings=\"{&quot;_position&quot;:&quot;absolute&quot;}\" data-widget_type=\"image.default\">\n\t\t\t\t<div class=\"elementor-widget-container\">\n\t\t\t\t\t\t\t\t\t\t\t\t\t<img decoding=\"async\" width=\"300\" height=\"169\" src=\"https:\/\/leafedu.org\/wp-content\/uploads\/2022\/01\/IMG_0947-1024x576-1-300x169.jpeg\" class=\"attachment-medium size-medium wp-image-411\" alt=\"\" srcset=\"https:\/\/leafedu.org\/wp-content\/uploads\/2022\/01\/IMG_0947-1024x576-1-300x169.jpeg 300w, https:\/\/leafedu.org\/wp-content\/uploads\/2022\/01\/IMG_0947-1024x576-1-768x432.jpeg 768w, https:\/\/leafedu.org\/wp-content\/uploads\/2022\/01\/IMG_0947-1024x576-1-600x338.jpeg 600w, https:\/\/leafedu.org\/wp-content\/uploads\/2022\/01\/IMG_0947-1024x576-1.jpeg 1024w\" sizes=\"(max-width: 300px) 100vw, 300px\" \/>\t\t\t\t\t\t\t\t\t\t\t\t\t<\/div>\n\t\t\t\t<\/div>\n\t\t\t\t<div class=\"elementor-element elementor-element-5259a72 elementor-widget__width-auto elementor-absolute elementor-hidden-tablet elementor-hidden-mobile elementor-widget elementor-widget-image\" data-id=\"5259a72\" data-element_type=\"widget\" data-settings=\"{&quot;_position&quot;:&quot;absolute&quot;}\" data-widget_type=\"image.default\">\n\t\t\t\t<div class=\"elementor-widget-container\">\n\t\t\t\t\t\t\t\t\t\t\t\t\t<img decoding=\"async\" width=\"300\" height=\"74\" src=\"https:\/\/leafedu.org\/wp-content\/uploads\/2022\/01\/34b3fda4-dfa4-4480-be9c-dabeead59253-e1551486283623-1024x251-1-300x74.jpg\" class=\"attachment-medium size-medium wp-image-398\" alt=\"\" srcset=\"https:\/\/leafedu.org\/wp-content\/uploads\/2022\/01\/34b3fda4-dfa4-4480-be9c-dabeead59253-e1551486283623-1024x251-1-300x74.jpg 300w, https:\/\/leafedu.org\/wp-content\/uploads\/2022\/01\/34b3fda4-dfa4-4480-be9c-dabeead59253-e1551486283623-1024x251-1-768x188.jpg 768w, https:\/\/leafedu.org\/wp-content\/uploads\/2022\/01\/34b3fda4-dfa4-4480-be9c-dabeead59253-e1551486283623-1024x251-1-600x147.jpg 600w, https:\/\/leafedu.org\/wp-content\/uploads\/2022\/01\/34b3fda4-dfa4-4480-be9c-dabeead59253-e1551486283623-1024x251-1.jpg 1024w\" sizes=\"(max-width: 300px) 100vw, 300px\" \/>\t\t\t\t\t\t\t\t\t\t\t\t\t<\/div>\n\t\t\t\t<\/div>\n\t\t\t\t<div class=\"elementor-element elementor-element-9c24f8d elementor-widget__width-auto elementor-absolute elementor-hidden-tablet elementor-hidden-mobile elementor-widget elementor-widget-image\" data-id=\"9c24f8d\" data-element_type=\"widget\" data-settings=\"{&quot;_position&quot;:&quot;absolute&quot;}\" data-widget_type=\"image.default\">\n\t\t\t\t<div class=\"elementor-widget-container\">\n\t\t\t\t\t\t\t\t\t\t\t\t\t<img loading=\"lazy\" decoding=\"async\" width=\"160\" height=\"160\" src=\"https:\/\/leafedu.org\/wp-content\/uploads\/2022\/01\/Image-1.png\" class=\"attachment-full size-full wp-image-378\" alt=\"\" srcset=\"https:\/\/leafedu.org\/wp-content\/uploads\/2022\/01\/Image-1.png 160w, https:\/\/leafedu.org\/wp-content\/uploads\/2022\/01\/Image-1-150x150.png 150w, https:\/\/leafedu.org\/wp-content\/uploads\/2022\/01\/Image-1-100x100.png 100w\" sizes=\"(max-width: 160px) 100vw, 160px\" \/>\t\t\t\t\t\t\t\t\t\t\t\t\t<\/div>\n\t\t\t\t<\/div>\n\t\t\t\t<div class=\"elementor-element elementor-element-63728f5 elementor-widget__width-initial elementor-absolute elementor-hidden-tablet elementor-hidden-mobile elementor-widget elementor-widget-image\" data-id=\"63728f5\" data-element_type=\"widget\" data-settings=\"{&quot;_position&quot;:&quot;absolute&quot;}\" data-widget_type=\"image.default\">\n\t\t\t\t<div class=\"elementor-widget-container\">\n\t\t\t\t\t\t\t\t\t\t\t\t\t<img loading=\"lazy\" decoding=\"async\" width=\"300\" height=\"170\" src=\"https:\/\/leafedu.org\/wp-content\/uploads\/2022\/01\/IMG_0174-e1549655867373-1024x579-1-300x170.jpg\" class=\"attachment-medium size-medium wp-image-406\" alt=\"\" srcset=\"https:\/\/leafedu.org\/wp-content\/uploads\/2022\/01\/IMG_0174-e1549655867373-1024x579-1-300x170.jpg 300w, https:\/\/leafedu.org\/wp-content\/uploads\/2022\/01\/IMG_0174-e1549655867373-1024x579-1-768x434.jpg 768w, https:\/\/leafedu.org\/wp-content\/uploads\/2022\/01\/IMG_0174-e1549655867373-1024x579-1-600x339.jpg 600w, https:\/\/leafedu.org\/wp-content\/uploads\/2022\/01\/IMG_0174-e1549655867373-1024x579-1.jpg 1024w\" sizes=\"(max-width: 300px) 100vw, 300px\" \/>\t\t\t\t\t\t\t\t\t\t\t\t\t<\/div>\n\t\t\t\t<\/div>\n\t\t\t\t<div class=\"elementor-element elementor-element-f8fa340 elementor-widget__width-initial elementor-absolute elementor-hidden-tablet elementor-hidden-mobile elementor-widget elementor-widget-image\" data-id=\"f8fa340\" data-element_type=\"widget\" data-settings=\"{&quot;_position&quot;:&quot;absolute&quot;}\" data-widget_type=\"image.default\">\n\t\t\t\t<div class=\"elementor-widget-container\">\n\t\t\t\t\t\t\t\t\t\t\t\t\t<img loading=\"lazy\" decoding=\"async\" width=\"300\" height=\"146\" src=\"https:\/\/leafedu.org\/wp-content\/uploads\/2022\/01\/49CB24F1-3988-4866-9E2C-10326A932676-1024x498-1-300x146.jpg\" class=\"attachment-medium size-medium wp-image-399\" alt=\"\" srcset=\"https:\/\/leafedu.org\/wp-content\/uploads\/2022\/01\/49CB24F1-3988-4866-9E2C-10326A932676-1024x498-1-300x146.jpg 300w, https:\/\/leafedu.org\/wp-content\/uploads\/2022\/01\/49CB24F1-3988-4866-9E2C-10326A932676-1024x498-1-768x374.jpg 768w, https:\/\/leafedu.org\/wp-content\/uploads\/2022\/01\/49CB24F1-3988-4866-9E2C-10326A932676-1024x498-1-600x292.jpg 600w, https:\/\/leafedu.org\/wp-content\/uploads\/2022\/01\/49CB24F1-3988-4866-9E2C-10326A932676-1024x498-1.jpg 1024w\" sizes=\"(max-width: 300px) 100vw, 300px\" \/>\t\t\t\t\t\t\t\t\t\t\t\t\t<\/div>\n\t\t\t\t<\/div>\n\t\t\t\t<div class=\"elementor-element elementor-element-aec7d06 elementor-widget__width-initial elementor-absolute elementor-hidden-tablet elementor-hidden-mobile elementor-widget elementor-widget-image\" data-id=\"aec7d06\" data-element_type=\"widget\" data-settings=\"{&quot;_position&quot;:&quot;absolute&quot;}\" data-widget_type=\"image.default\">\n\t\t\t\t<div class=\"elementor-widget-container\">\n\t\t\t\t\t\t\t\t\t\t\t\t\t<img loading=\"lazy\" decoding=\"async\" width=\"400\" height=\"300\" src=\"https:\/\/leafedu.org\/wp-content\/uploads\/2022\/01\/image15-400x300-1.jpeg\" class=\"attachment-full size-full wp-image-418\" alt=\"\" srcset=\"https:\/\/leafedu.org\/wp-content\/uploads\/2022\/01\/image15-400x300-1.jpeg 400w, https:\/\/leafedu.org\/wp-content\/uploads\/2022\/01\/image15-400x300-1-300x225.jpeg 300w\" sizes=\"(max-width: 400px) 100vw, 400px\" \/>\t\t\t\t\t\t\t\t\t\t\t\t\t<\/div>\n\t\t\t\t<\/div>\n\t\t\t\t<div class=\"elementor-element elementor-element-928c3b8 elementor-widget__width-auto elementor-absolute elementor-hidden-tablet elementor-hidden-mobile elementor-widget elementor-widget-image\" data-id=\"928c3b8\" data-element_type=\"widget\" data-settings=\"{&quot;_position&quot;:&quot;absolute&quot;}\" data-widget_type=\"image.default\">\n\t\t\t\t<div class=\"elementor-widget-container\">\n\t\t\t\t\t\t\t\t\t\t\t\t\t<img loading=\"lazy\" decoding=\"async\" width=\"150\" height=\"150\" src=\"https:\/\/leafedu.org\/wp-content\/uploads\/2022\/01\/45087775_1952246771536348_243368218679312384_o-1-768x1024-1-150x150.jpg\" class=\"attachment-thumbnail size-thumbnail wp-image-400\" alt=\"\" srcset=\"https:\/\/leafedu.org\/wp-content\/uploads\/2022\/01\/45087775_1952246771536348_243368218679312384_o-1-768x1024-1-150x150.jpg 150w, https:\/\/leafedu.org\/wp-content\/uploads\/2022\/01\/45087775_1952246771536348_243368218679312384_o-1-768x1024-1-300x300.jpg 300w, https:\/\/leafedu.org\/wp-content\/uploads\/2022\/01\/45087775_1952246771536348_243368218679312384_o-1-768x1024-1-100x100.jpg 100w\" sizes=\"(max-width: 150px) 100vw, 150px\" \/>\t\t\t\t\t\t\t\t\t\t\t\t\t<\/div>\n\t\t\t\t<\/div>\n\t\t\t\t<div class=\"elementor-element elementor-element-2f33182 elementor-align-center elementor-widget elementor-widget-button\" data-id=\"2f33182\" data-element_type=\"widget\" data-widget_type=\"button.default\">\n\t\t\t\t<div class=\"elementor-widget-container\">\n\t\t\t\t\t<div class=\"elementor-button-wrapper\">\n\t\t\t<a class=\"elementor-button elementor-button-link elementor-size-xl elementor-animation-float\" href=\"#\">\n\t\t\t\t\t\t<span class=\"elementor-button-content-wrapper\">\n\t\t\t\t\t\t<span class=\"elementor-button-icon elementor-align-icon-left\">\n\t\t\t\t<i aria-hidden=\"true\" class=\"fas fa-hand-point-up\"><\/i>\t\t\t<\/span>\n\t\t\t\t\t\t<span class=\"elementor-button-text\">DONAR AHORA<\/span>\n\t\t<\/span>\n\t\t\t\t\t<\/a>\n\t\t<\/div>\n\t\t\t\t<\/div>\n\t\t\t\t<\/div>\n\t\t\t\t<div class=\"elementor-element elementor-element-70fa599 elementor-widget elementor-widget-image\" data-id=\"70fa599\" data-element_type=\"widget\" data-widget_type=\"image.default\">\n\t\t\t\t<div class=\"elementor-widget-container\">\n\t\t\t\t\t\t\t\t\t\t\t\t\t<img loading=\"lazy\" decoding=\"async\" width=\"500\" height=\"87\" src=\"https:\/\/leafedu.org\/wp-content\/uploads\/2022\/01\/paypal-donate-button-high-quality-png-e1588621413355.png\" class=\"attachment-large size-large wp-image-435\" alt=\"\" srcset=\"https:\/\/leafedu.org\/wp-content\/uploads\/2022\/01\/paypal-donate-button-high-quality-png-e1588621413355.png 500w, https:\/\/leafedu.org\/wp-content\/uploads\/2022\/01\/paypal-donate-button-high-quality-png-e1588621413355-300x52.png 300w\" sizes=\"(max-width: 500px) 100vw, 500px\" \/>\t\t\t\t\t\t\t\t\t\t\t\t\t<\/div>\n\t\t\t\t<\/div>\n\t\t\t\t<div class=\"elementor-element elementor-element-e8c3fd6 elementor-widget elementor-widget-text-editor\" data-id=\"e8c3fd6\" data-element_type=\"widget\" data-widget_type=\"text-editor.default\">\n\t\t\t\t<div class=\"elementor-widget-container\">\n\t\t\t\t\t\t\t<p style=\"text-align: justify;\">Por favor haga los cheques a nombre de: Latino Education Advancement Fund, y env\u00edelos por correo a 1122 Kenilworth Drive, Suite 201, Towson, MD 21204.<\/p>\n<p style=\"text-align: justify;\">Para obtener m\u00e1s informaci\u00f3n, llame al 559-250-0256 o contact@leafedu.org<\/p>\n<p style=\"text-align: justify;\">&#8220;Latino Education Advancement Fund&#8221; (LEAF)&#8221; es una corporaci\u00f3n sin fines de lucro de Maryland que opera a trav\u00e9s de un patrocinio fiscal con Players Philanthropy Fund (Identificaci\u00f3n fiscal federal: 27-6601178), una entidad de Maryland no -fideicomiso ben\u00e9fico con fines de lucro con estado exento de impuestos federales del IRS como una organizaci\u00f3n ben\u00e9fica p\u00fablica seg\u00fan la Secci\u00f3n 501 (c) (3). Las contribuciones a LEAF son deducibles de impuestos en la mayor medida permitida por la ley&#8221;.<\/p>\t\t\t\t\t\t<\/div>\n\t\t\t\t<\/div>\n\t\t\t\t\t<\/div>\n\t\t<\/div>\n\t\t\t\t\t<\/div>\n\t\t<\/section>\n\t\t\t\t<\/div>\n\t\t","protected":false},"excerpt":{"rendered":"<p>El Llavero Workshop La planificaci\u00f3n temprana y la identificaci\u00f3n de estudiantes latinos acad\u00e9micamente talentosos son cruciales para el \u00e9xito acad\u00e9mico [&hellip;]<\/p>\n","protected":false},"author":1,"featured_media":0,"parent":0,"menu_order":0,"comment_status":"closed","ping_status":"closed","template":"","meta":{"pmpro_default_level":0,"footnotes":""},"class_list":["post-946","page","type-page","status-publish","hentry","pmpro-has-access"],"_links":{"self":[{"href":"https:\/\/leafedu.org\/es\/wp-json\/wp\/v2\/pages\/946","targetHints":{"allow":["GET"]}}],"collection":[{"href":"https:\/\/leafedu.org\/es\/wp-json\/wp\/v2\/pages"}],"about":[{"href":"https:\/\/leafedu.org\/es\/wp-json\/wp\/v2\/types\/page"}],"author":[{"embeddable":true,"href":"https:\/\/leafedu.org\/es\/wp-json\/wp\/v2\/users\/1"}],"replies":[{"embeddable":true,"href":"https:\/\/leafedu.org\/es\/wp-json\/wp\/v2\/comments?post=946"}],"version-history":[{"count":5,"href":"https:\/\/leafedu.org\/es\/wp-json\/wp\/v2\/pages\/946\/revisions"}],"predecessor-version":[{"id":951,"href":"https:\/\/leafedu.org\/es\/wp-json\/wp\/v2\/pages\/946\/revisions\/951"}],"wp:attachment":[{"href":"https:\/\/leafedu.org\/es\/wp-json\/wp\/v2\/media?parent=946"}],"curies":[{"name":"wp","href":"https:\/\/api.w.org\/{rel}","templated":true}]}}