{"id":1012,"date":"2022-01-12T22:14:28","date_gmt":"2022-01-12T22:14:28","guid":{"rendered":"https:\/\/leafedu.org\/\/politicas-de-privacidad\/"},"modified":"2022-01-12T22:17:05","modified_gmt":"2022-01-12T22:17:05","slug":"politicas-de-privacidad","status":"publish","type":"page","link":"https:\/\/leafedu.org\/es\/politicas-de-privacidad\/","title":{"rendered":"Politicas de privacidad"},"content":{"rendered":"<h2>Quienes somos<\/h2>\n<p>La direcci\u00f3n de nuestro sitio web es: https:\/\/leafedu.org.<\/p>\n<h2>Qu\u00e9 datos personales recopilamos y por qu\u00e9 los recopilamos<\/h2>\n<h3>Comentarios<\/h3>\n<p>Cuando los visitantes dejan comentarios en el sitio, recopilamos los datos que se muestran en el formulario de comentarios, y tambi\u00e9n la direcci\u00f3n IP del visitante y la cadena del agente de usuario del navegador para ayudar a la detecci\u00f3n de spam.<\/p>\n<p>Se puede proporcionar una cadena an\u00f3nima creada a partir de su direcci\u00f3n de correo electr\u00f3nico (tambi\u00e9n llamada hash) al servicio Gravatar para ver si la est\u00e1 utilizando. La pol\u00edtica de privacidad del servicio Gravatar est\u00e1 disponible aqu\u00ed: https:\/\/automattic.com\/privacy\/. Despu\u00e9s de la aprobaci\u00f3n de su comentario, su foto de perfil es visible para el p\u00fablico en el contexto de su comentario.<\/p>\n<h3>Medios<\/h3>\n<p>Si subes im\u00e1genes al sitio web, debes evitar subir im\u00e1genes con datos de ubicaci\u00f3n incrustados (GPS EXIF) incluidos. Los visitantes del sitio web pueden descargar y extraer cualquier dato de ubicaci\u00f3n de las im\u00e1genes del sitio web.<\/p>\n<h3>Formularios de Contacto<\/h3>\n<p>Los siguientes tipos de informaci\u00f3n personal pueden ser recopilados, almacenados y utilizados:<\/p>\n<p>informaci\u00f3n sobre su computadora, incluida su direcci\u00f3n IP, ubicaci\u00f3n geogr\u00e1fica, tipo y versi\u00f3n del navegador y sistema operativo;<br \/>\ninformaci\u00f3n sobre sus visitas y uso de este sitio web, incluidas las fuentes de referencia, la duraci\u00f3n de la visita, las visitas a la p\u00e1gina y las rutas de navegaci\u00f3n del sitio web;<br \/>\ninformaci\u00f3n que ingresa al crear una cuenta en nuestro sitio web, como la direcci\u00f3n de correo electr\u00f3nico;<br \/>\ninformaci\u00f3n que ingresa al crear un perfil en nuestro sitio web, por ejemplo, su nombre, foto de perfil, g\u00e9nero, cumplea\u00f1os, estado civil, intereses y pasatiempos, informaci\u00f3n sobre capacitaci\u00f3n y empleo;<br \/>\ninformaci\u00f3n que ingresa para suscribirse a nuestros correos electr\u00f3nicos y boletines, como su nombre y direcci\u00f3n de correo electr\u00f3nico;<br \/>\ninformaci\u00f3n que ingresa mientras usa los servicios en nuestro sitio web;<br \/>\nInformaci\u00f3n generada durante el uso de nuestro sitio web, incluido cu\u00e1ndo, con qu\u00e9 frecuencia y en qu\u00e9 circunstancias lo usa;<br \/>\ninformaci\u00f3n sobre cualquier aspecto relacionado con su compra, los servicios que utiliza o las transacciones que realiza a trav\u00e9s del sitio web, incluido su nombre, direcci\u00f3n, n\u00famero de tel\u00e9fono, direcci\u00f3n de correo electr\u00f3nico e informaci\u00f3n de la tarjeta de cr\u00e9dito;<br \/>\ninformaci\u00f3n publicada en nuestro sitio web con la intenci\u00f3n de que sea publicada en Internet, incluido su nombre de usuario, fotos de perfil y contenido de sus publicaciones;<br \/>\ninformaci\u00f3n contenida en cualquiera de las comunicaciones que nos env\u00ede por correo electr\u00f3nico o desde nuestro sitio web, incluido el contenido de la comunicaci\u00f3n y los metadatos;<br \/>\nCualquier otra informaci\u00f3n personal que nos env\u00ede.<br \/>\nAntes de divulgarnos la informaci\u00f3n personal de otra persona, primero debe obtener el consentimiento de esa persona, tanto para la divulgaci\u00f3n como para el procesamiento de esa informaci\u00f3n personal de acuerdo con esta pol\u00edtica;<\/p>\n<h3>Cookies<\/h3>\n<p>Si deja un comentario en nuestro sitio, puede optar por guardar su nombre, direcci\u00f3n de correo electr\u00f3nico y sitio web en cookies. Estos son para su comodidad, para que no tenga que volver a rellenar sus datos cuando deje otro comentario. Estas cookies tendr\u00e1n una duraci\u00f3n de un a\u00f1o.<\/p>\n<p>Si tiene una cuenta e inicia sesi\u00f3n en este sitio, estableceremos una cookie temporal para determinar si su navegador acepta cookies. Esta cookie no contiene datos personales y se descarta cuando cierra su navegador.<\/p>\n<p>Cuando inicie sesi\u00f3n, tambi\u00e9n configuraremos varias cookies para guardar su informaci\u00f3n de inicio de sesi\u00f3n y sus opciones de visualizaci\u00f3n de pantalla. Las cookies de inicio de sesi\u00f3n duran dos d\u00edas y las cookies de opciones de pantalla duran un a\u00f1o. Si selecciona &#8220;Recordarme&#8221;, su inicio de sesi\u00f3n persistir\u00e1 durante dos semanas. Si cierra sesi\u00f3n en su cuenta, se eliminar\u00e1n las cookies de inicio de sesi\u00f3n.<\/p>\n<p>Si edita o publica un art\u00edculo, se guardar\u00e1 una cookie adicional en su navegador. Esta cookie no incluye datos personales y simplemente indica el ID de publicaci\u00f3n del art\u00edculo que acaba de editar. Caduca despu\u00e9s de 1 d\u00eda.<\/p>\n<h3>Contenido incrustado de otros sitios web<\/h3>\n<p>Los art\u00edculos en este sitio pueden incluir contenido incrustado (por ejemplo, videos, im\u00e1genes, art\u00edculos, etc.). El contenido incrustado de otros sitios web se comporta exactamente de la misma manera que si el visitante hubiera visitado el otro sitio web.<\/p>\n<p>Estos sitios web pueden recopilar datos sobre usted, usar cookies, incrustar un seguimiento adicional de terceros y monitorear su interacci\u00f3n con ese contenido incrustado, incluido el seguimiento de su interacci\u00f3n con el contenido incrustado si tiene una cuenta y ha iniciado sesi\u00f3n en ese sitio web.<\/p>\n<h3>An\u00e1lisis<\/h3>\n<h2>Con qui\u00e9n compartimos sus datos<\/h2>\n<p>No se proporcionar\u00e1 ning\u00fan dato personal a ning\u00fan tercero sin su consentimiento espec\u00edfico, excepto los descritos en esta Pol\u00edtica. Podemos compartir con otros datos no personales, como estad\u00edsticas agregadas de usuarios, datos demogr\u00e1ficos y datos de uso. Tambi\u00e9n podemos compartir su informaci\u00f3n personal en las siguientes circunstancias: terceros que brindan servicios en nuestro nombre. Para tener en cuenta sus respuestas, respuestas, datos personales, servicios y materiales a trav\u00e9s de los Sitios y respuestas personales. nuestros socios comerciales, historias como empresas o personas que alojan u operan los Sitios; analizar datos; prestar servicios al cliente; Enviar muestras de productos o gestionar pagos; anunciantes; patrocinadores u otros terceros que participen y\/o administren nuestras promociones o brinden asistencia comercial o promocional. \u00bfC\u00f3mo dividir sus datos personales?<\/p>\n<p>Su acuerdo para compartir su informaci\u00f3n personal.<br \/>\nMientras est\u00e9 en nuestros Sitios, tendr\u00e1 la oportunidad de optar por recibir informaci\u00f3n y\/o nuestras ofertas comerciales y m\u00e1s personas, o de otra manera. Los datos personales se revelan en la pol\u00edtica de privacidad del tercero.<\/p>\n<h2>Cu\u00e1nto tiempo conservamos sus datos<\/h2>\n<p>Si deja un comentario, el comentario y sus metadatos se conservan indefinidamente. Esto es para que podamos reconocer y aprobar cualquier comentario de seguimiento autom\u00e1ticamente en lugar de mantenerlos en una cola de moderaci\u00f3n.<\/p>\n<p>Para los usuarios que se registran en nuestro sitio web (si los hay), tambi\u00e9n almacenamos la informaci\u00f3n personal que proporcionan en su perfil de usuario. Todos los usuarios pueden ver, editar o eliminar su informaci\u00f3n personal en cualquier momento (excepto que no pueden cambiar su nombre de usuario). Los administradores del sitio web tambi\u00e9n pueden ver y editar esa informaci\u00f3n.<\/p>\n<h2>Qu\u00e9 derechos tienes sobre tus datos<\/h2>\n<p>Si tiene una cuenta en este sitio o ha dejado comentarios, puede solicitar recibir un archivo exportado de los datos personales que tenemos sobre usted, incluidos los datos que nos haya proporcionado. Tambi\u00e9n puede solicitar que eliminemos cualquier dato personal que tengamos sobre usted. Esto no incluye ning\u00fan dato que estemos obligados a conservar con fines administrativos, legales o de seguridad.<\/p>\n<h2>D\u00f3nde enviamos tus datos<\/h2>\n<p>Los comentarios de los visitantes puede que los revise un servicio de detecci\u00f3n autom\u00e1tica de spam.<\/p>\n<h2>Su informaci\u00f3n de contacto<\/h2>\n<ul>\n<li><i class=\"lnr lnr-envelope\"> <\/i> <a href=\"https:\/\/leafedu.org\/contact@leafedu.org\">contact@leafedu.org<\/a>&lt;\/li &gt;<\/li>\n<li><i class=\"lnr lnr-phone-handset\"> <\/i> 559-250-0256<\/li>\n<li><i class=\"lnr lnr-map-marker\"> <\/i> 210 E Lexington Street<\/li>\n<li><i class=\"lnr lnr-map-marker\"> <\/i> Suite 105<\/li>\n<li><i class=\"lnr lnr-map-marker\"> <\/i> Baltimore, MD 21202<\/li>\n<\/ul>\n<h3>C\u00f3mo protegemos sus datos<\/h3>\n<p>Mantenemos ciertas medidas de seguridad administrativas, t\u00e9cnicas y f\u00edsicas para ayudar a proteger contra la p\u00e9rdida, el uso indebido o el acceso no autorizado, la exposici\u00f3n, la alteraci\u00f3n o la destrucci\u00f3n de sus Datos personales.<\/p>\n<h3><\/h3>\n","protected":false},"excerpt":{"rendered":"<p>Quienes somos La direcci\u00f3n de nuestro sitio web es: https:\/\/leafedu.org. Qu\u00e9 datos personales recopilamos y por qu\u00e9 los recopilamos Comentarios [&hellip;]<\/p>\n","protected":false},"author":1,"featured_media":0,"parent":0,"menu_order":0,"comment_status":"closed","ping_status":"closed","template":"","meta":{"pmpro_default_level":0,"footnotes":""},"class_list":["post-1012","page","type-page","status-publish","hentry","pmpro-has-access"],"_links":{"self":[{"href":"https:\/\/leafedu.org\/es\/wp-json\/wp\/v2\/pages\/1012","targetHints":{"allow":["GET"]}}],"collection":[{"href":"https:\/\/leafedu.org\/es\/wp-json\/wp\/v2\/pages"}],"about":[{"href":"https:\/\/leafedu.org\/es\/wp-json\/wp\/v2\/types\/page"}],"author":[{"embeddable":true,"href":"https:\/\/leafedu.org\/es\/wp-json\/wp\/v2\/users\/1"}],"replies":[{"embeddable":true,"href":"https:\/\/leafedu.org\/es\/wp-json\/wp\/v2\/comments?post=1012"}],"version-history":[{"count":2,"href":"https:\/\/leafedu.org\/es\/wp-json\/wp\/v2\/pages\/1012\/revisions"}],"predecessor-version":[{"id":1014,"href":"https:\/\/leafedu.org\/es\/wp-json\/wp\/v2\/pages\/1012\/revisions\/1014"}],"wp:attachment":[{"href":"https:\/\/leafedu.org\/es\/wp-json\/wp\/v2\/media?parent=1012"}],"curies":[{"name":"wp","href":"https:\/\/api.w.org\/{rel}","templated":true}]}}